{"id":23,"date":"2014-01-12T18:25:56","date_gmt":"2014-01-12T17:25:56","guid":{"rendered":"http:\/\/wp.07-13.de\/?page_id=23"},"modified":"2017-12-14T15:16:47","modified_gmt":"2017-12-14T14:16:47","slug":"impressum","status":"publish","type":"page","link":"https:\/\/07-13.de\/?page_id=23","title":{"rendered":"Impressum"},"content":{"rendered":"<p>J. M. Mayser<br \/>\n<span style=\"font-size: small;\">M.Eng. Building Project Management<\/span><br \/>\n<span style=\"font-size: small;\"> Dipl.-Ing (FH) Innenarchitektin<\/span><\/p>\n<p>07-13<br \/>\nB\u00fcro f\u00fcr Innenarchitektur und Gestaltung<br \/>\nNordbahnhofstra\u00dfe 140<br \/>\n70191 Stuttgart<\/p>\n<p>Telefon\u00a0 \u00a0 \u00a0 0711 \/ 121 66 997<br \/>\nEmail\u00a0\u00a0\u00a0\u00a0\u00a0\u00a0\u00a0\u00a0 <a href=\"mailto:kontakt@07-13.de\">kontakt@07-13.de<\/a><\/p>\n<p>USt ID\u00a0\u00a0\u00a0\u00a0\u00a0\u00a0 DE288782360<\/p>\n<hr \/>\n<p>&nbsp;<\/p>\n<p>Berufsbezeichnung<\/p>\n<p><span style=\"font-size: small;\">Die freie Innenarchitektin Jeannette M. Mayser ist eingetragenes Mitglied der Architektenkammer Baden-W\u00fcrttemberg, Danneckerstra\u00dfe 54, D-70182 Stuttgart, Deutschland. Hieraus ergibt sich die Berechtigung zum F\u00fchren der Berufsbezeichnung. Die berufsrechtlichen Bestimmungen, insbesondere das Architektengesetz Baden-W\u00fcrttemberg sowie die Berufsordnung, sind einsehbar auf der Homepage der Architektenkammer Baden-W\u00fcrttemberg: <\/span><span style=\"font-size: small;\"><a href=\"http:\/\/www.akbw.de\/download\/architektengesetz.pdf\" target=\"_blank\" rel=\"noopener\">Architektengesetz<\/a>, <a href=\"http:\/\/www.akbw.de\/download\/berufsordnung.pdf\" target=\"_blank\" rel=\"noopener\">Berufsordnung<\/a>.<\/span><\/p>\n<p>Urheberrecht<\/p>\n<p><span style=\"font-size: small;\">Inhalt, Struktur und Gestaltung der 07-13.de Web-Seiten sind urheberrechtlich gesch\u00fctzt. Die Vervielf\u00e4ltigung, \u00c4nderung, Darstellung, Verbreitung, \u00dcbermittlung, Ver\u00f6ffentlichung, der Verkauf, die Lizenzierung, Bearbeitung, Verfremdung oder Nutzung von Informationen oder Daten, f\u00fcr welche Zwecke auch immer, insbesondere die Verwendung von Bildmaterial, Texten, Textteilen oder Bildausschnitten bedarf der vorherigen schriftlichen Zustimmung durch J. M. Mayser.<\/span><br \/>\n<span style=\"font-size: small;\"> Alle innerhalb des Internetangebotes genannten und ggf. durch Dritte gesch\u00fctzten Marken- und Warenzeichen unterliegen uneingeschr\u00e4nkt den Bestimmungen des jeweils g\u00fcltigen Kennzeichenrechts und den Besitzrechten der jeweiligen eingetragenen Eigent\u00fcmer.<\/span><\/p>\n<p>Gew\u00e4hr<\/p>\n<p><span style=\"font-size: small;\">Die Informationen auf diesen Web-Seiten werden von uns fortlaufend aktualisiert und gepr\u00fcft. Trotz aller Sorgfalt k\u00f6nnen sich Daten und Informationen jeglicher Art inzwischen ver\u00e4ndert haben. Eine Haftung, Garantie oder ein sonstiges Einstehen f\u00fcr die Aktualit\u00e4t, Richtigkeit und Vollst\u00e4ndigkeit der zur Verf\u00fcgung gestellten Informationen kann daher nicht \u00fcbernommen werden. \u00c4nderungen, Erg\u00e4nzungen oder L\u00f6schungen von Teilen der Seiten, der einzelnen oder des gesamten Angebots ohne gesonderte Ank\u00fcndigung sind ausdr\u00fccklich vorbehalten.<\/span><\/p>\n<p>Links und Verweise<\/p>\n<p><span style=\"font-size: small;\">J. M. Mayser ist f\u00fcr den Inhalt der Web-Seiten, auf die direkt mittels Hyperlink oder in sonstiger Weise verwiesen wird oder die aufgrund eines Hinweises erreicht werden, nicht verantwortlich. Jegliche Form der Haftung wird deshalb ausdr\u00fccklich abgelehnt. Verantwortlich f\u00fcr die Inhalte extern verlinkter Seiten sind ausschlie\u00dflich deren Betreiber. Wir distanzieren uns ausdr\u00fccklich von allen gesetzes- oder sittenwidrigen, unseri\u00f6sen, vertragsverletzenden oder nicht nutzungskonformen Inhalten, die m\u00f6glicherweise verbreitet werden, unabh\u00e4ngig davon, ob wir uns der M\u00f6glichkeiten solcher Sch\u00e4den bewusst waren oder nicht. Sollte Ihnen ein solcher Inhalt zur Kenntnis gelangen, bitten wir um umgehende Mitteilung.<\/span><\/p>\n<p>Rechtswirksamkeit dieses Haftungsausschlusses<\/p>\n<p><span style=\"font-size: small;\">Dieser Haftungsausschluss ist als Teil des Internetangebotes zu betrachten, von dem aus auf diese Seite verwiesen wurde. Sofern Teile oder einzelne Formulierungen dieses Textes der geltenden Rechtslage nicht, nicht mehr oder nicht vollst\u00e4ndig entsprechen sollten, bleiben die \u00fcbrigen Teile des Dokumentes in ihrem Inhalt und ihrer G\u00fcltigkeit davon unber\u00fchrt.<\/span><\/p>\n<p>&nbsp;<\/p>\n","protected":false},"excerpt":{"rendered":"<p>J. M. Mayser M.Eng. Building Project Management Dipl.-Ing (FH) Innenarchitektin 07-13 B\u00fcro f\u00fcr Innenarchitektur und Gestaltung Nordbahnhofstra\u00dfe 140 70191 Stuttgart Telefon\u00a0 \u00a0 \u00a0 0711 \/ 121 66 997 Email\u00a0\u00a0\u00a0\u00a0\u00a0\u00a0\u00a0\u00a0 kontakt@07-13.de USt ID\u00a0\u00a0\u00a0\u00a0\u00a0\u00a0 DE288782360 &nbsp; Berufsbezeichnung Die freie Innenarchitektin Jeannette M. Mayser ist eingetragenes Mitglied der Architektenkammer Baden-W\u00fcrttemberg, Danneckerstra\u00dfe 54, D-70182 Stuttgart, Deutschland. Hieraus ergibt sich<\/p>\n<p class=\"more-link-wrapper\"><a href=\"https:\/\/07-13.de\/?page_id=23\" class=\"more-link\">Continue Reading<span class=\"screen-reader-text\"> &#8222;Impressum&#8220;<\/span><\/a><\/p>\n","protected":false},"author":1,"featured_media":0,"parent":0,"menu_order":0,"comment_status":"closed","ping_status":"closed","template":"templates\/organic-custom-template.php","meta":{"footnotes":""},"_links":{"self":[{"href":"https:\/\/07-13.de\/index.php?rest_route=\/wp\/v2\/pages\/23"}],"collection":[{"href":"https:\/\/07-13.de\/index.php?rest_route=\/wp\/v2\/pages"}],"about":[{"href":"https:\/\/07-13.de\/index.php?rest_route=\/wp\/v2\/types\/page"}],"author":[{"embeddable":true,"href":"https:\/\/07-13.de\/index.php?rest_route=\/wp\/v2\/users\/1"}],"replies":[{"embeddable":true,"href":"https:\/\/07-13.de\/index.php?rest_route=%2Fwp%2Fv2%2Fcomments&post=23"}],"version-history":[{"count":9,"href":"https:\/\/07-13.de\/index.php?rest_route=\/wp\/v2\/pages\/23\/revisions"}],"predecessor-version":[{"id":976,"href":"https:\/\/07-13.de\/index.php?rest_route=\/wp\/v2\/pages\/23\/revisions\/976"}],"wp:attachment":[{"href":"https:\/\/07-13.de\/index.php?rest_route=%2Fwp%2Fv2%2Fmedia&parent=23"}],"curies":[{"name":"wp","href":"https:\/\/api.w.org\/{rel}","templated":true}]}}