{"id":274,"date":"2014-01-16T15:53:19","date_gmt":"2014-01-16T14:53:19","guid":{"rendered":"http:\/\/wp.07-13.de\/?page_id=274"},"modified":"2017-12-07T15:12:03","modified_gmt":"2017-12-07T14:12:03","slug":"werkbericht-aktuelles-projekt","status":"publish","type":"page","link":"https:\/\/07-13.de\/?page_id=274","title":{"rendered":"__Werkbericht: Sauna"},"content":{"rendered":"<p>Deutschland, 2014<br \/>\n<span style=\"color: #c0c0c0;\"><em>in Arbeitsgemeinschaft mit Moodworks und K. Lund<\/em><\/span><\/p>\n<h5>Aufgabe:<\/h5>\n<p>Innenarchitektonische Gestaltung und Ausf\u00fchrungsplanung des Saunabereiches eines neuen \u00f6ffentlichen Bades mit Schwimmbad.<\/p>\n<h5>Herausforderungen:<\/h5>\n<p>07-13 lasse sich von japanischen Onsenb\u00e4dern inspirieren und gestalte eine moderne Saunalandschaft, die G\u00e4ste wie Betreiber schwelgen l\u00e4\u00dft.<\/p>\n<h5>Umfang:<\/h5>\n<p>Rund 1000m<sup>2<\/sup> Saunaparadies.<\/p>\n<p><i>[slideshow_deploy id=&#8217;823&#8242;]<\/i><\/p>\n","protected":false},"excerpt":{"rendered":"<p>Deutschland, 2014 in Arbeitsgemeinschaft mit Moodworks und K. Lund Aufgabe: Innenarchitektonische Gestaltung und Ausf\u00fchrungsplanung des Saunabereiches eines neuen \u00f6ffentlichen Bades mit Schwimmbad. Herausforderungen: 07-13 lasse sich von japanischen Onsenb\u00e4dern inspirieren und gestalte eine moderne Saunalandschaft, die G\u00e4ste wie Betreiber schwelgen l\u00e4\u00dft. Umfang: Rund 1000m2 Saunaparadies. [slideshow_deploy id=&#8217;823&#8242;]<\/p>\n","protected":false},"author":1,"featured_media":797,"parent":0,"menu_order":0,"comment_status":"closed","ping_status":"closed","template":"","meta":{"footnotes":""},"_links":{"self":[{"href":"https:\/\/07-13.de\/index.php?rest_route=\/wp\/v2\/pages\/274"}],"collection":[{"href":"https:\/\/07-13.de\/index.php?rest_route=\/wp\/v2\/pages"}],"about":[{"href":"https:\/\/07-13.de\/index.php?rest_route=\/wp\/v2\/types\/page"}],"author":[{"embeddable":true,"href":"https:\/\/07-13.de\/index.php?rest_route=\/wp\/v2\/users\/1"}],"replies":[{"embeddable":true,"href":"https:\/\/07-13.de\/index.php?rest_route=%2Fwp%2Fv2%2Fcomments&post=274"}],"version-history":[{"count":17,"href":"https:\/\/07-13.de\/index.php?rest_route=\/wp\/v2\/pages\/274\/revisions"}],"predecessor-version":[{"id":967,"href":"https:\/\/07-13.de\/index.php?rest_route=\/wp\/v2\/pages\/274\/revisions\/967"}],"wp:featuredmedia":[{"embeddable":true,"href":"https:\/\/07-13.de\/index.php?rest_route=\/wp\/v2\/media\/797"}],"wp:attachment":[{"href":"https:\/\/07-13.de\/index.php?rest_route=%2Fwp%2Fv2%2Fmedia&parent=274"}],"curies":[{"name":"wp","href":"https:\/\/api.w.org\/{rel}","templated":true}]}}