{"id":981,"date":"2017-12-08T14:22:16","date_gmt":"2017-12-08T13:22:16","guid":{"rendered":"http:\/\/07-13.de\/?page_id=981"},"modified":"2017-12-14T08:59:00","modified_gmt":"2017-12-14T07:59:00","slug":"vita","status":"publish","type":"page","link":"https:\/\/07-13.de\/?page_id=981","title":{"rendered":"Vita"},"content":{"rendered":"<p>Jeannette M. Mayser<br \/>\nM.Eng. Building Project Management<br \/>\nDipl.-Ing (FH) Innenarchitektin<\/p>\n<hr \/>\n<p>1998 &#8211; 2003\u00a0\u00a0\u00a0 Diplomstudium der Innenarchitektur in Darmstadt und Reims<\/p>\n<p>2003 &#8211; 2005\u00a0 \u00a0 Freelancer im Rhein-Main-Gebiet<\/p>\n<p>2005 &#8211; 2012\u00a0\u00a0\u00a0 Festanstellung Klafs GmbH &amp; Co. KG.<\/p>\n<p>2008 &#8211; 2009\u00a0\u00a0\u00a0 Masterstudiengang Internationales Baumanagement in W\u00fcrzburg und Leeds<\/p>\n<p>seit 2013\u00a0\u00a0\u00a0\u00a0\u00a0\u00a0\u00a0 Freie Innenarchitektin<\/p>\n<p>seit 2015\u00a0\u00a0\u00a0\u00a0\u00a0\u00a0\u00a0 Lehrbeauftragte der Hochschule F\u00fcr Technik Stuttgart<\/p>\n<p>&nbsp;<\/p>\n<p>Als Projektsteurer begleite ich Bauprojekte mit Leidenschaft und Pragmatismus.<\/p>\n<blockquote><p>Meine Kunden stehen im Mittelpunkt, nicht ich. Individuelle L\u00f6sungen nach Ma\u00df schlie\u00dfen kreative Selbstverwirklichung weitestgehend aus.<\/p><\/blockquote>\n<p>J. M. Maysers Erfahrungsschatz und Designwissen findet in gewerblichen, wie auch privaten Bereichen gleicherma\u00dfen Anwendung. Es entstehen hochwertige und auf den jeweiligen Kunden ma\u00dfgeschneiderte Innen- und Au\u00dfenl\u00f6sungen auf hohem Niveau.<\/p>\n<p>Neben Gastronomie und Hotellerie, Shopping und Retail liegt ihr Schwerpunkt in der Ausstattung der internationalen Spa- und Wellnessbranche. Hier hat sie viele Jahre f\u00fcr ein marktf\u00fchrendes Unternehmen gearbeitet und durch ihre Projekte tiefe Einblicke in die Realit\u00e4ten im In- und Ausland nehmen k\u00f6nnen. W\u00e4hrend dieser Zeit wurden zahlreiche Oasen von 40 bis \u00fcber 1000 Quadratmeter konzeptioniert, neu erbaut, erg\u00e4nzt, renoviert.<\/p>\n<p>&nbsp;<\/p>\n","protected":false},"excerpt":{"rendered":"<p>Jeannette M. Mayser M.Eng. Building Project Management Dipl.-Ing (FH) Innenarchitektin 1998 &#8211; 2003\u00a0\u00a0\u00a0 Diplomstudium der Innenarchitektur in Darmstadt und Reims 2003 &#8211; 2005\u00a0 \u00a0 Freelancer im Rhein-Main-Gebiet 2005 &#8211; 2012\u00a0\u00a0\u00a0 Festanstellung Klafs GmbH &amp; Co. KG. 2008 &#8211; 2009\u00a0\u00a0\u00a0 Masterstudiengang Internationales Baumanagement in W\u00fcrzburg und Leeds seit 2013\u00a0\u00a0\u00a0\u00a0\u00a0\u00a0\u00a0 Freie Innenarchitektin seit 2015\u00a0\u00a0\u00a0\u00a0\u00a0\u00a0\u00a0 Lehrbeauftragte der Hochschule<\/p>\n<p class=\"more-link-wrapper\"><a href=\"https:\/\/07-13.de\/?page_id=981\" class=\"more-link\">Continue Reading<span class=\"screen-reader-text\"> &#8222;Vita&#8220;<\/span><\/a><\/p>\n","protected":false},"author":1,"featured_media":0,"parent":0,"menu_order":0,"comment_status":"closed","ping_status":"closed","template":"templates\/organic-custom-template.php","meta":{"footnotes":""},"_links":{"self":[{"href":"https:\/\/07-13.de\/index.php?rest_route=\/wp\/v2\/pages\/981"}],"collection":[{"href":"https:\/\/07-13.de\/index.php?rest_route=\/wp\/v2\/pages"}],"about":[{"href":"https:\/\/07-13.de\/index.php?rest_route=\/wp\/v2\/types\/page"}],"author":[{"embeddable":true,"href":"https:\/\/07-13.de\/index.php?rest_route=\/wp\/v2\/users\/1"}],"replies":[{"embeddable":true,"href":"https:\/\/07-13.de\/index.php?rest_route=%2Fwp%2Fv2%2Fcomments&post=981"}],"version-history":[{"count":1,"href":"https:\/\/07-13.de\/index.php?rest_route=\/wp\/v2\/pages\/981\/revisions"}],"predecessor-version":[{"id":982,"href":"https:\/\/07-13.de\/index.php?rest_route=\/wp\/v2\/pages\/981\/revisions\/982"}],"wp:attachment":[{"href":"https:\/\/07-13.de\/index.php?rest_route=%2Fwp%2Fv2%2Fmedia&parent=981"}],"curies":[{"name":"wp","href":"https:\/\/api.w.org\/{rel}","templated":true}]}}